{"id":1955,"date":"2023-06-28T12:35:09","date_gmt":"2023-06-28T10:35:09","guid":{"rendered":"https:\/\/www.otagosro.com\/services\/"},"modified":"2025-06-12T15:27:47","modified_gmt":"2025-06-12T13:27:47","slug":"services","status":"publish","type":"page","link":"https:\/\/www.otagosro.com\/en\/services\/","title":{"rendered":"Services"},"content":{"rendered":"<div id=\"pl-gb1955-69eccd702f36c\"  class=\"panel-layout wp-block-siteorigin-panels-layout-block\" ><div id=\"pg-gb1955-69eccd702f36c-0\"  class=\"panel-grid panel-has-style\" ><div id=\"languages\" class=\"panel-row-style panel-row-style-for-gb1955-69eccd702f36c-0\" ><div id=\"pgc-gb1955-69eccd702f36c-0-0\"  class=\"panel-grid-cell panel-grid-cell-empty\" ><\/div><div id=\"pgc-gb1955-69eccd702f36c-0-1\"  class=\"panel-grid-cell panel-grid-cell-mobile-last\" ><div id=\"panel-gb1955-69eccd702f36c-0-1-0\" class=\"so-panel widget widget_sow-editor panel-first-child panel-last-child\" data-index=\"0\" ><div\n\t\t\t\n\t\t\tclass=\"so-widget-sow-editor so-widget-sow-editor-base\"\n\t\t\t\n\t\t>\n<div class=\"siteorigin-widget-tinymce textwidget\">\n\t<h2 style=\"text-align: center;\">List of languages we translate<\/h2>\n<\/div>\n<\/div><\/div><\/div><div id=\"pgc-gb1955-69eccd702f36c-0-2\"  class=\"panel-grid-cell panel-grid-cell-empty\" ><\/div><\/div><\/div><\/div>","protected":false},"excerpt":{"rendered":"<p>List of languages we translate<\/p>\n","protected":false},"author":1,"featured_media":0,"parent":0,"menu_order":0,"comment_status":"closed","ping_status":"closed","template":"page-services.php","meta":{"_acf_changed":false,"footnotes":""},"class_list":["post-1955","page","type-page","status-publish","hentry"],"acf":[],"yoast_head":"<!-- This site is optimized with the Yoast SEO plugin v24.6 - https:\/\/yoast.com\/wordpress\/plugins\/seo\/ -->\n<title>Services - Otago<\/title>\n<meta name=\"description\" content=\"Otago offers professional translation, interpreting, and localization services to help your business grow locally and globally.\" \/>\n<meta name=\"robots\" content=\"index, follow, max-snippet:-1, max-image-preview:large, max-video-preview:-1\" \/>\n<link rel=\"canonical\" href=\"https:\/\/www.otagosro.com\/en\/services\/\" \/>\n<meta property=\"og:locale\" content=\"en_US\" \/>\n<meta property=\"og:type\" content=\"article\" \/>\n<meta property=\"og:title\" content=\"Services - Otago\" \/>\n<meta property=\"og:description\" content=\"Otago offers professional translation, interpreting, and localization services to help your business grow locally and globally.\" \/>\n<meta property=\"og:url\" content=\"https:\/\/www.otagosro.com\/en\/services\/\" \/>\n<meta property=\"og:site_name\" content=\"Otago\" \/>\n<meta property=\"article:publisher\" content=\"https:\/\/www.facebook.com\/otagosro\" \/>\n<meta property=\"article:modified_time\" content=\"2025-06-12T13:27:47+00:00\" \/>\n<meta property=\"og:image\" content=\"https:\/\/www.otagosro.com\/wp-content\/uploads\/2023\/11\/Otago-Background-Placeholder-Image-B.png.png\" \/>\n\t<meta property=\"og:image:width\" content=\"1200\" \/>\n\t<meta property=\"og:image:height\" content=\"675\" \/>\n\t<meta property=\"og:image:type\" content=\"image\/png\" \/>\n<meta name=\"twitter:card\" content=\"summary_large_image\" \/>\n<meta name=\"twitter:site\" content=\"@otago_translate\" \/>\n<meta name=\"twitter:label1\" content=\"Est. reading time\" \/>\n\t<meta name=\"twitter:data1\" content=\"1 minute\" \/>\n<script type=\"application\/ld+json\" class=\"yoast-schema-graph\">{\"@context\":\"https:\/\/schema.org\",\"@graph\":[{\"@type\":\"WebPage\",\"@id\":\"https:\/\/www.otagosro.com\/en\/services\/\",\"url\":\"https:\/\/www.otagosro.com\/en\/services\/\",\"name\":\"Services - Otago\",\"isPartOf\":{\"@id\":\"https:\/\/www.otagosro.com\/en\/#website\"},\"datePublished\":\"2023-06-28T10:35:09+00:00\",\"dateModified\":\"2025-06-12T13:27:47+00:00\",\"description\":\"Otago offers professional translation, interpreting, and localization services to help your business grow locally and globally.\",\"breadcrumb\":{\"@id\":\"https:\/\/www.otagosro.com\/en\/services\/#breadcrumb\"},\"inLanguage\":\"en-US\",\"potentialAction\":[{\"@type\":\"ReadAction\",\"target\":[\"https:\/\/www.otagosro.com\/en\/services\/\"]}]},{\"@type\":\"BreadcrumbList\",\"@id\":\"https:\/\/www.otagosro.com\/en\/services\/#breadcrumb\",\"itemListElement\":[{\"@type\":\"ListItem\",\"position\":1,\"name\":\"Domovsk\u00e1 str\u00e1nka\",\"item\":\"https:\/\/www.otagosro.com\/en\/\"},{\"@type\":\"ListItem\",\"position\":2,\"name\":\"Services\"}]},{\"@type\":\"WebSite\",\"@id\":\"https:\/\/www.otagosro.com\/en\/#website\",\"url\":\"https:\/\/www.otagosro.com\/en\/\",\"name\":\"Otago - Prekladate\u013esk\u00e1 agent\u00fara\",\"description\":\"V\u00e1\u0161 obsah vo svetov\u00fdch jazykoch\",\"publisher\":{\"@id\":\"https:\/\/www.otagosro.com\/en\/#organization\"},\"alternateName\":\"Otago - Preklady textov a tlmo\u010denie pre firmy\",\"potentialAction\":[{\"@type\":\"SearchAction\",\"target\":{\"@type\":\"EntryPoint\",\"urlTemplate\":\"https:\/\/www.otagosro.com\/en\/?s={search_term_string}\"},\"query-input\":{\"@type\":\"PropertyValueSpecification\",\"valueRequired\":true,\"valueName\":\"search_term_string\"}}],\"inLanguage\":\"en-US\"},{\"@type\":\"Organization\",\"@id\":\"https:\/\/www.otagosro.com\/en\/#organization\",\"name\":\"Otago s.r.o.\",\"url\":\"https:\/\/www.otagosro.com\/en\/\",\"logo\":{\"@type\":\"ImageObject\",\"inLanguage\":\"en-US\",\"@id\":\"https:\/\/www.otagosro.com\/en\/#\/schema\/logo\/image\/\",\"url\":\"https:\/\/www.otagosro.com\/wp-content\/uploads\/2023\/11\/OTG-Logo-for-Web.svg\",\"contentUrl\":\"https:\/\/www.otagosro.com\/wp-content\/uploads\/2023\/11\/OTG-Logo-for-Web.svg\",\"width\":1,\"height\":1,\"caption\":\"Otago s.r.o.\"},\"image\":{\"@id\":\"https:\/\/www.otagosro.com\/en\/#\/schema\/logo\/image\/\"},\"sameAs\":[\"https:\/\/www.facebook.com\/otagosro\",\"https:\/\/x.com\/otago_translate\",\"https:\/\/www.linkedin.com\/company\/otagosro\"]}]}<\/script>\n<!-- \/ Yoast SEO plugin. -->","yoast_head_json":{"title":"Services - Otago","description":"Otago offers professional translation, interpreting, and localization services to help your business grow locally and globally.","robots":{"index":"index","follow":"follow","max-snippet":"max-snippet:-1","max-image-preview":"max-image-preview:large","max-video-preview":"max-video-preview:-1"},"canonical":"https:\/\/www.otagosro.com\/en\/services\/","og_locale":"en_US","og_type":"article","og_title":"Services - Otago","og_description":"Otago offers professional translation, interpreting, and localization services to help your business grow locally and globally.","og_url":"https:\/\/www.otagosro.com\/en\/services\/","og_site_name":"Otago","article_publisher":"https:\/\/www.facebook.com\/otagosro","article_modified_time":"2025-06-12T13:27:47+00:00","og_image":[{"width":1200,"height":675,"url":"https:\/\/www.otagosro.com\/wp-content\/uploads\/2023\/11\/Otago-Background-Placeholder-Image-B.png.png","type":"image\/png"}],"twitter_card":"summary_large_image","twitter_site":"@otago_translate","twitter_misc":{"Est. reading time":"1 minute"},"schema":{"@context":"https:\/\/schema.org","@graph":[{"@type":"WebPage","@id":"https:\/\/www.otagosro.com\/en\/services\/","url":"https:\/\/www.otagosro.com\/en\/services\/","name":"Services - Otago","isPartOf":{"@id":"https:\/\/www.otagosro.com\/en\/#website"},"datePublished":"2023-06-28T10:35:09+00:00","dateModified":"2025-06-12T13:27:47+00:00","description":"Otago offers professional translation, interpreting, and localization services to help your business grow locally and globally.","breadcrumb":{"@id":"https:\/\/www.otagosro.com\/en\/services\/#breadcrumb"},"inLanguage":"en-US","potentialAction":[{"@type":"ReadAction","target":["https:\/\/www.otagosro.com\/en\/services\/"]}]},{"@type":"BreadcrumbList","@id":"https:\/\/www.otagosro.com\/en\/services\/#breadcrumb","itemListElement":[{"@type":"ListItem","position":1,"name":"Domovsk\u00e1 str\u00e1nka","item":"https:\/\/www.otagosro.com\/en\/"},{"@type":"ListItem","position":2,"name":"Services"}]},{"@type":"WebSite","@id":"https:\/\/www.otagosro.com\/en\/#website","url":"https:\/\/www.otagosro.com\/en\/","name":"Otago - Prekladate\u013esk\u00e1 agent\u00fara","description":"V\u00e1\u0161 obsah vo svetov\u00fdch jazykoch","publisher":{"@id":"https:\/\/www.otagosro.com\/en\/#organization"},"alternateName":"Otago - Preklady textov a tlmo\u010denie pre firmy","potentialAction":[{"@type":"SearchAction","target":{"@type":"EntryPoint","urlTemplate":"https:\/\/www.otagosro.com\/en\/?s={search_term_string}"},"query-input":{"@type":"PropertyValueSpecification","valueRequired":true,"valueName":"search_term_string"}}],"inLanguage":"en-US"},{"@type":"Organization","@id":"https:\/\/www.otagosro.com\/en\/#organization","name":"Otago s.r.o.","url":"https:\/\/www.otagosro.com\/en\/","logo":{"@type":"ImageObject","inLanguage":"en-US","@id":"https:\/\/www.otagosro.com\/en\/#\/schema\/logo\/image\/","url":"https:\/\/www.otagosro.com\/wp-content\/uploads\/2023\/11\/OTG-Logo-for-Web.svg","contentUrl":"https:\/\/www.otagosro.com\/wp-content\/uploads\/2023\/11\/OTG-Logo-for-Web.svg","width":1,"height":1,"caption":"Otago s.r.o."},"image":{"@id":"https:\/\/www.otagosro.com\/en\/#\/schema\/logo\/image\/"},"sameAs":["https:\/\/www.facebook.com\/otagosro","https:\/\/x.com\/otago_translate","https:\/\/www.linkedin.com\/company\/otagosro"]}]}},"_links":{"self":[{"href":"https:\/\/www.otagosro.com\/en\/wp-json\/wp\/v2\/pages\/1955","targetHints":{"allow":["GET"]}}],"collection":[{"href":"https:\/\/www.otagosro.com\/en\/wp-json\/wp\/v2\/pages"}],"about":[{"href":"https:\/\/www.otagosro.com\/en\/wp-json\/wp\/v2\/types\/page"}],"author":[{"embeddable":true,"href":"https:\/\/www.otagosro.com\/en\/wp-json\/wp\/v2\/users\/1"}],"replies":[{"embeddable":true,"href":"https:\/\/www.otagosro.com\/en\/wp-json\/wp\/v2\/comments?post=1955"}],"version-history":[{"count":11,"href":"https:\/\/www.otagosro.com\/en\/wp-json\/wp\/v2\/pages\/1955\/revisions"}],"predecessor-version":[{"id":5800,"href":"https:\/\/www.otagosro.com\/en\/wp-json\/wp\/v2\/pages\/1955\/revisions\/5800"}],"wp:attachment":[{"href":"https:\/\/www.otagosro.com\/en\/wp-json\/wp\/v2\/media?parent=1955"}],"curies":[{"name":"wp","href":"https:\/\/api.w.org\/{rel}","templated":true}]}}