{"id":4924,"date":"2024-04-18T16:18:05","date_gmt":"2024-04-18T14:18:05","guid":{"rendered":"https:\/\/www.otagosro.com\/?page_id=4924"},"modified":"2024-04-18T16:18:05","modified_gmt":"2024-04-18T14:18:05","slug":"careers-2","status":"publish","type":"page","link":"https:\/\/www.otagosro.com\/en\/careers\/careers-2\/","title":{"rendered":"Careers"},"content":{"rendered":"<div id=\"pl-gb4924-69f4dffa338f6\"  class=\"panel-layout\" ><div id=\"pg-gb4924-69f4dffa338f6-0\"  class=\"panel-grid panel-no-style\" ><div id=\"pgc-gb4924-69f4dffa338f6-0-0\"  class=\"panel-grid-cell\" ><div id=\"panel-gb4924-69f4dffa338f6-0-0-0\" class=\"so-panel widget widget_sow-editor panel-first-child panel-last-child\" data-index=\"0\" ><div\n\t\t\t\n\t\t\tclass=\"so-widget-sow-editor so-widget-sow-editor-base\"\n\t\t\t\n\t\t>\n<div class=\"siteorigin-widget-tinymce textwidget\">\n\t<h3>Requirements for translators<\/h3>\n<ul>\n<li>Higher education<\/li>\n<li>Experience in the field supported by references<\/li>\n<li>Knowledge of working languages at C2 level<\/li>\n<li>Active knowledge of working with CAT tool or willingness to learn<\/li>\n<li>Trade license, Ltd. (invoicing possibility)<\/li>\n<\/ul>\n<\/div>\n<\/div><\/div><\/div><div id=\"pgc-gb4924-69f4dffa338f6-0-1\"  class=\"panel-grid-cell\" ><div id=\"panel-gb4924-69f4dffa338f6-0-1-0\" class=\"so-panel widget widget_sow-editor panel-first-child panel-last-child\" data-index=\"1\" ><div\n\t\t\t\n\t\t\tclass=\"so-widget-sow-editor so-widget-sow-editor-base\"\n\t\t\t\n\t\t>\n<div class=\"siteorigin-widget-tinymce textwidget\">\n\t<h3>Selection procedure<\/h3>\n<ul>\n<li>Fill in the form on our supplier portal<\/li>\n<li>We will consider the information you have provided about yourself (experience, work preferences, professional background, etc.)<\/li>\n<li>We will contact you by phone or email.<\/li>\n<\/ul>\n<\/div>\n<\/div><\/div><\/div><\/div><div id=\"pg-gb4924-69f4dffa338f6-1\"  class=\"panel-grid panel-no-style\" ><div id=\"pgc-gb4924-69f4dffa338f6-1-0\"  class=\"panel-grid-cell panel-grid-cell-mobile-last\" ><div id=\"panel-gb4924-69f4dffa338f6-1-0-0\" class=\"so-panel widget widget_sow-editor panel-first-child panel-last-child\" data-index=\"2\" ><div\n\t\t\t\n\t\t\tclass=\"so-widget-sow-editor so-widget-sow-editor-base\"\n\t\t\t\n\t\t>\n<div class=\"siteorigin-widget-tinymce textwidget\">\n\t<h3>The selection also includes<\/h3>\n<ul>\n<li>Verification of translation skills<\/li>\n<li>Signing of the cooperation agreement<\/li>\n<\/ul>\n<\/div>\n<\/div><\/div><\/div><div id=\"pgc-gb4924-69f4dffa338f6-1-1\"  class=\"panel-grid-cell panel-grid-cell-empty\" ><\/div><\/div><\/div>","protected":false},"excerpt":{"rendered":"<p>Requirements for translators Higher education Experience in the field supported by references Knowledge of working languages at C2 level Active knowledge of working with CAT tool or willingness to learn Trade license, Ltd. (invoicing possibility) Selection procedure Fill in the form on our supplier portal We will consider the information you have provided about yourself [&hellip;]<\/p>\n","protected":false},"author":4,"featured_media":4810,"parent":2096,"menu_order":0,"comment_status":"closed","ping_status":"closed","template":"page-simple.php","meta":{"_acf_changed":false,"footnotes":""},"class_list":["post-4924","page","type-page","status-publish","has-post-thumbnail","hentry"],"acf":[],"yoast_head":"<!-- This site is optimized with the Yoast SEO plugin v24.6 - https:\/\/yoast.com\/wordpress\/plugins\/seo\/ -->\n<title>Careers - Otago<\/title>\n<meta name=\"robots\" content=\"index, follow, max-snippet:-1, max-image-preview:large, max-video-preview:-1\" \/>\n<link rel=\"canonical\" href=\"https:\/\/www.otagosro.com\/en\/careers\/careers-2\/\" \/>\n<meta property=\"og:locale\" content=\"en_US\" \/>\n<meta property=\"og:type\" content=\"article\" \/>\n<meta property=\"og:title\" content=\"Careers - Otago\" \/>\n<meta property=\"og:description\" content=\"Requirements for translators Higher education Experience in the field supported by references Knowledge of working languages at C2 level Active knowledge of working with CAT tool or willingness to learn Trade license, Ltd. (invoicing possibility) Selection procedure Fill in the form on our supplier portal We will consider the information you have provided about yourself [&hellip;]\" \/>\n<meta property=\"og:url\" content=\"https:\/\/www.otagosro.com\/en\/careers\/careers-2\/\" \/>\n<meta property=\"og:site_name\" content=\"Otago\" \/>\n<meta property=\"article:publisher\" content=\"https:\/\/www.facebook.com\/otagosro\" \/>\n<meta property=\"og:image\" content=\"https:\/\/www.otagosro.com\/wp-content\/uploads\/2024\/02\/Czechia-Praha.jpg\" \/>\n\t<meta property=\"og:image:width\" content=\"640\" \/>\n\t<meta property=\"og:image:height\" content=\"427\" \/>\n\t<meta property=\"og:image:type\" content=\"image\/jpeg\" \/>\n<meta name=\"twitter:card\" content=\"summary_large_image\" \/>\n<meta name=\"twitter:site\" content=\"@otago_translate\" \/>\n<meta name=\"twitter:label1\" content=\"Est. reading time\" \/>\n\t<meta name=\"twitter:data1\" content=\"1 minute\" \/>\n<script type=\"application\/ld+json\" class=\"yoast-schema-graph\">{\"@context\":\"https:\/\/schema.org\",\"@graph\":[{\"@type\":\"WebPage\",\"@id\":\"https:\/\/www.otagosro.com\/en\/careers\/careers-2\/\",\"url\":\"https:\/\/www.otagosro.com\/en\/careers\/careers-2\/\",\"name\":\"Careers - Otago\",\"isPartOf\":{\"@id\":\"https:\/\/www.otagosro.com\/en\/#website\"},\"primaryImageOfPage\":{\"@id\":\"https:\/\/www.otagosro.com\/en\/careers\/careers-2\/#primaryimage\"},\"image\":{\"@id\":\"https:\/\/www.otagosro.com\/en\/careers\/careers-2\/#primaryimage\"},\"thumbnailUrl\":\"https:\/\/www.otagosro.com\/wp-content\/uploads\/2024\/02\/Czechia-Praha.jpg\",\"datePublished\":\"2024-04-18T14:18:05+00:00\",\"breadcrumb\":{\"@id\":\"https:\/\/www.otagosro.com\/en\/careers\/careers-2\/#breadcrumb\"},\"inLanguage\":\"en-US\",\"potentialAction\":[{\"@type\":\"ReadAction\",\"target\":[\"https:\/\/www.otagosro.com\/en\/careers\/careers-2\/\"]}]},{\"@type\":\"ImageObject\",\"inLanguage\":\"en-US\",\"@id\":\"https:\/\/www.otagosro.com\/en\/careers\/careers-2\/#primaryimage\",\"url\":\"https:\/\/www.otagosro.com\/wp-content\/uploads\/2024\/02\/Czechia-Praha.jpg\",\"contentUrl\":\"https:\/\/www.otagosro.com\/wp-content\/uploads\/2024\/02\/Czechia-Praha.jpg\",\"width\":640,\"height\":427,\"caption\":\"Praha\"},{\"@type\":\"BreadcrumbList\",\"@id\":\"https:\/\/www.otagosro.com\/en\/careers\/careers-2\/#breadcrumb\",\"itemListElement\":[{\"@type\":\"ListItem\",\"position\":1,\"name\":\"Domovsk\u00e1 str\u00e1nka\",\"item\":\"https:\/\/www.otagosro.com\/en\/\"},{\"@type\":\"ListItem\",\"position\":2,\"name\":\"Careers\",\"item\":\"https:\/\/www.otagosro.com\/en\/careers\/\"},{\"@type\":\"ListItem\",\"position\":3,\"name\":\"Careers\"}]},{\"@type\":\"WebSite\",\"@id\":\"https:\/\/www.otagosro.com\/en\/#website\",\"url\":\"https:\/\/www.otagosro.com\/en\/\",\"name\":\"Otago - Prekladate\u013esk\u00e1 agent\u00fara\",\"description\":\"V\u00e1\u0161 obsah vo svetov\u00fdch jazykoch\",\"publisher\":{\"@id\":\"https:\/\/www.otagosro.com\/en\/#organization\"},\"alternateName\":\"Otago - Preklady textov a tlmo\u010denie pre firmy\",\"potentialAction\":[{\"@type\":\"SearchAction\",\"target\":{\"@type\":\"EntryPoint\",\"urlTemplate\":\"https:\/\/www.otagosro.com\/en\/?s={search_term_string}\"},\"query-input\":{\"@type\":\"PropertyValueSpecification\",\"valueRequired\":true,\"valueName\":\"search_term_string\"}}],\"inLanguage\":\"en-US\"},{\"@type\":\"Organization\",\"@id\":\"https:\/\/www.otagosro.com\/en\/#organization\",\"name\":\"Otago s.r.o.\",\"url\":\"https:\/\/www.otagosro.com\/en\/\",\"logo\":{\"@type\":\"ImageObject\",\"inLanguage\":\"en-US\",\"@id\":\"https:\/\/www.otagosro.com\/en\/#\/schema\/logo\/image\/\",\"url\":\"https:\/\/www.otagosro.com\/wp-content\/uploads\/2023\/11\/OTG-Logo-for-Web.svg\",\"contentUrl\":\"https:\/\/www.otagosro.com\/wp-content\/uploads\/2023\/11\/OTG-Logo-for-Web.svg\",\"width\":1,\"height\":1,\"caption\":\"Otago s.r.o.\"},\"image\":{\"@id\":\"https:\/\/www.otagosro.com\/en\/#\/schema\/logo\/image\/\"},\"sameAs\":[\"https:\/\/www.facebook.com\/otagosro\",\"https:\/\/x.com\/otago_translate\",\"https:\/\/www.linkedin.com\/company\/otagosro\"]}]}<\/script>\n<!-- \/ Yoast SEO plugin. -->","yoast_head_json":{"title":"Careers - Otago","robots":{"index":"index","follow":"follow","max-snippet":"max-snippet:-1","max-image-preview":"max-image-preview:large","max-video-preview":"max-video-preview:-1"},"canonical":"https:\/\/www.otagosro.com\/en\/careers\/careers-2\/","og_locale":"en_US","og_type":"article","og_title":"Careers - Otago","og_description":"Requirements for translators Higher education Experience in the field supported by references Knowledge of working languages at C2 level Active knowledge of working with CAT tool or willingness to learn Trade license, Ltd. (invoicing possibility) Selection procedure Fill in the form on our supplier portal We will consider the information you have provided about yourself [&hellip;]","og_url":"https:\/\/www.otagosro.com\/en\/careers\/careers-2\/","og_site_name":"Otago","article_publisher":"https:\/\/www.facebook.com\/otagosro","og_image":[{"width":640,"height":427,"url":"https:\/\/www.otagosro.com\/wp-content\/uploads\/2024\/02\/Czechia-Praha.jpg","type":"image\/jpeg"}],"twitter_card":"summary_large_image","twitter_site":"@otago_translate","twitter_misc":{"Est. reading time":"1 minute"},"schema":{"@context":"https:\/\/schema.org","@graph":[{"@type":"WebPage","@id":"https:\/\/www.otagosro.com\/en\/careers\/careers-2\/","url":"https:\/\/www.otagosro.com\/en\/careers\/careers-2\/","name":"Careers - Otago","isPartOf":{"@id":"https:\/\/www.otagosro.com\/en\/#website"},"primaryImageOfPage":{"@id":"https:\/\/www.otagosro.com\/en\/careers\/careers-2\/#primaryimage"},"image":{"@id":"https:\/\/www.otagosro.com\/en\/careers\/careers-2\/#primaryimage"},"thumbnailUrl":"https:\/\/www.otagosro.com\/wp-content\/uploads\/2024\/02\/Czechia-Praha.jpg","datePublished":"2024-04-18T14:18:05+00:00","breadcrumb":{"@id":"https:\/\/www.otagosro.com\/en\/careers\/careers-2\/#breadcrumb"},"inLanguage":"en-US","potentialAction":[{"@type":"ReadAction","target":["https:\/\/www.otagosro.com\/en\/careers\/careers-2\/"]}]},{"@type":"ImageObject","inLanguage":"en-US","@id":"https:\/\/www.otagosro.com\/en\/careers\/careers-2\/#primaryimage","url":"https:\/\/www.otagosro.com\/wp-content\/uploads\/2024\/02\/Czechia-Praha.jpg","contentUrl":"https:\/\/www.otagosro.com\/wp-content\/uploads\/2024\/02\/Czechia-Praha.jpg","width":640,"height":427,"caption":"Praha"},{"@type":"BreadcrumbList","@id":"https:\/\/www.otagosro.com\/en\/careers\/careers-2\/#breadcrumb","itemListElement":[{"@type":"ListItem","position":1,"name":"Domovsk\u00e1 str\u00e1nka","item":"https:\/\/www.otagosro.com\/en\/"},{"@type":"ListItem","position":2,"name":"Careers","item":"https:\/\/www.otagosro.com\/en\/careers\/"},{"@type":"ListItem","position":3,"name":"Careers"}]},{"@type":"WebSite","@id":"https:\/\/www.otagosro.com\/en\/#website","url":"https:\/\/www.otagosro.com\/en\/","name":"Otago - Prekladate\u013esk\u00e1 agent\u00fara","description":"V\u00e1\u0161 obsah vo svetov\u00fdch jazykoch","publisher":{"@id":"https:\/\/www.otagosro.com\/en\/#organization"},"alternateName":"Otago - Preklady textov a tlmo\u010denie pre firmy","potentialAction":[{"@type":"SearchAction","target":{"@type":"EntryPoint","urlTemplate":"https:\/\/www.otagosro.com\/en\/?s={search_term_string}"},"query-input":{"@type":"PropertyValueSpecification","valueRequired":true,"valueName":"search_term_string"}}],"inLanguage":"en-US"},{"@type":"Organization","@id":"https:\/\/www.otagosro.com\/en\/#organization","name":"Otago s.r.o.","url":"https:\/\/www.otagosro.com\/en\/","logo":{"@type":"ImageObject","inLanguage":"en-US","@id":"https:\/\/www.otagosro.com\/en\/#\/schema\/logo\/image\/","url":"https:\/\/www.otagosro.com\/wp-content\/uploads\/2023\/11\/OTG-Logo-for-Web.svg","contentUrl":"https:\/\/www.otagosro.com\/wp-content\/uploads\/2023\/11\/OTG-Logo-for-Web.svg","width":1,"height":1,"caption":"Otago s.r.o."},"image":{"@id":"https:\/\/www.otagosro.com\/en\/#\/schema\/logo\/image\/"},"sameAs":["https:\/\/www.facebook.com\/otagosro","https:\/\/x.com\/otago_translate","https:\/\/www.linkedin.com\/company\/otagosro"]}]}},"_links":{"self":[{"href":"https:\/\/www.otagosro.com\/en\/wp-json\/wp\/v2\/pages\/4924","targetHints":{"allow":["GET"]}}],"collection":[{"href":"https:\/\/www.otagosro.com\/en\/wp-json\/wp\/v2\/pages"}],"about":[{"href":"https:\/\/www.otagosro.com\/en\/wp-json\/wp\/v2\/types\/page"}],"author":[{"embeddable":true,"href":"https:\/\/www.otagosro.com\/en\/wp-json\/wp\/v2\/users\/4"}],"replies":[{"embeddable":true,"href":"https:\/\/www.otagosro.com\/en\/wp-json\/wp\/v2\/comments?post=4924"}],"version-history":[{"count":1,"href":"https:\/\/www.otagosro.com\/en\/wp-json\/wp\/v2\/pages\/4924\/revisions"}],"predecessor-version":[{"id":4925,"href":"https:\/\/www.otagosro.com\/en\/wp-json\/wp\/v2\/pages\/4924\/revisions\/4925"}],"up":[{"embeddable":true,"href":"https:\/\/www.otagosro.com\/en\/wp-json\/wp\/v2\/pages\/2096"}],"wp:featuredmedia":[{"embeddable":true,"href":"https:\/\/www.otagosro.com\/en\/wp-json\/wp\/v2\/media\/4810"}],"wp:attachment":[{"href":"https:\/\/www.otagosro.com\/en\/wp-json\/wp\/v2\/media?parent=4924"}],"curies":[{"name":"wp","href":"https:\/\/api.w.org\/{rel}","templated":true}]}}